{"id":4045,"date":"2022-08-10T12:16:25","date_gmt":"2022-08-10T11:16:25","guid":{"rendered":"https:\/\/galecki.webd.pl\/bfm24\/?page_id=4045"},"modified":"2022-08-10T20:52:52","modified_gmt":"2022-08-10T19:52:52","slug":"galeria","status":"publish","type":"page","link":"https:\/\/bfm24.pl\/?page_id=4045","title":{"rendered":"Galeria"},"content":{"rendered":"\t\t<div data-elementor-type=\"wp-page\" data-elementor-id=\"4045\" class=\"elementor elementor-4045\" data-elementor-settings=\"[]\">\n\t\t\t\t\t\t\t<div class=\"elementor-section-wrap\">\n\t\t\t\t\t\t\t<section class=\"elementor-section elementor-top-section elementor-element elementor-element-ba4357c elementor-section-boxed elementor-section-height-default elementor-section-height-default\" data-id=\"ba4357c\" data-element_type=\"section\" data-settings=\"{&quot;jet_parallax_layout_list&quot;:[]}\">\n\t\t\t\t\t\t<div class=\"elementor-container elementor-column-gap-default\">\n\t\t\t\t\t<div class=\"elementor-column elementor-col-100 elementor-top-column elementor-element elementor-element-e0b80b5\" data-id=\"e0b80b5\" data-element_type=\"column\">\n\t\t\t<div class=\"elementor-widget-wrap elementor-element-populated\">\n\t\t\t\t\t\t\t\t<div class=\"elementor-element elementor-element-047729e elementor-widget elementor-widget-spacer\" data-id=\"047729e\" data-element_type=\"widget\" data-widget_type=\"spacer.default\">\n\t\t\t\t<div class=\"elementor-widget-container\">\n\t\t\t\t\t<div class=\"elementor-spacer\">\n\t\t\t<div class=\"elementor-spacer-inner\"><\/div>\n\t\t<\/div>\n\t\t\t\t<\/div>\n\t\t\t\t<\/div>\n\t\t\t\t\t<\/div>\n\t\t<\/div>\n\t\t\t\t\t\t\t<\/div>\n\t\t<\/section>\n\t\t\t\t<section class=\"elementor-section elementor-top-section elementor-element elementor-element-93fc404 elementor-section-boxed elementor-section-height-default elementor-section-height-default\" data-id=\"93fc404\" data-element_type=\"section\" data-settings=\"{&quot;jet_parallax_layout_list&quot;:[]}\">\n\t\t\t\t\t\t<div class=\"elementor-container elementor-column-gap-default\">\n\t\t\t\t\t<div class=\"elementor-column elementor-col-100 elementor-top-column elementor-element elementor-element-8e2b4f5\" data-id=\"8e2b4f5\" data-element_type=\"column\">\n\t\t\t<div class=\"elementor-widget-wrap elementor-element-populated\">\n\t\t\t\t\t\t\t\t<div class=\"elementor-element elementor-element-5bbf9cc elementor-widget elementor-widget-heading\" data-id=\"5bbf9cc\" data-element_type=\"widget\" data-widget_type=\"heading.default\">\n\t\t\t\t<div class=\"elementor-widget-container\">\n\t\t\t<style>\/*! elementor - v3.5.6 - 28-02-2022 *\/\n.elementor-heading-title{padding:0;margin:0;line-height:1}.elementor-widget-heading .elementor-heading-title[class*=elementor-size-]>a{color:inherit;font-size:inherit;line-height:inherit}.elementor-widget-heading .elementor-heading-title.elementor-size-small{font-size:15px}.elementor-widget-heading .elementor-heading-title.elementor-size-medium{font-size:19px}.elementor-widget-heading .elementor-heading-title.elementor-size-large{font-size:29px}.elementor-widget-heading .elementor-heading-title.elementor-size-xl{font-size:39px}.elementor-widget-heading .elementor-heading-title.elementor-size-xxl{font-size:59px}<\/style><h2 class=\"elementor-heading-title elementor-size-default\">Przyk\u0142adowe realizacje<\/h2>\t\t<\/div>\n\t\t\t\t<\/div>\n\t\t\t\t\t<\/div>\n\t\t<\/div>\n\t\t\t\t\t\t\t<\/div>\n\t\t<\/section>\n\t\t\t\t<section class=\"elementor-section elementor-top-section elementor-element elementor-element-2332767 elementor-section-boxed elementor-section-height-default elementor-section-height-default\" data-id=\"2332767\" data-element_type=\"section\" data-settings=\"{&quot;jet_parallax_layout_list&quot;:[]}\">\n\t\t\t\t\t\t<div class=\"elementor-container elementor-column-gap-default\">\n\t\t\t\t\t<div class=\"elementor-column elementor-col-100 elementor-top-column elementor-element elementor-element-8326ee5\" data-id=\"8326ee5\" data-element_type=\"column\">\n\t\t\t<div class=\"elementor-widget-wrap elementor-element-populated\">\n\t\t\t\t\t\t\t\t<div class=\"elementor-element elementor-element-3fb709c elementor-widget elementor-widget-spacer\" data-id=\"3fb709c\" data-element_type=\"widget\" data-widget_type=\"spacer.default\">\n\t\t\t\t<div class=\"elementor-widget-container\">\n\t\t\t\t\t<div class=\"elementor-spacer\">\n\t\t\t<div class=\"elementor-spacer-inner\"><\/div>\n\t\t<\/div>\n\t\t\t\t<\/div>\n\t\t\t\t<\/div>\n\t\t\t\t\t<\/div>\n\t\t<\/div>\n\t\t\t\t\t\t\t<\/div>\n\t\t<\/section>\n\t\t\t\t<section class=\"elementor-section elementor-top-section elementor-element elementor-element-59d923d elementor-section-boxed elementor-section-height-default elementor-section-height-default\" data-id=\"59d923d\" data-element_type=\"section\" data-settings=\"{&quot;jet_parallax_layout_list&quot;:[]}\">\n\t\t\t\t\t\t<div class=\"elementor-container elementor-column-gap-default\">\n\t\t\t\t\t<div class=\"elementor-column elementor-col-100 elementor-top-column elementor-element elementor-element-ed53d02\" data-id=\"ed53d02\" data-element_type=\"column\">\n\t\t\t<div class=\"elementor-widget-wrap elementor-element-populated\">\n\t\t\t\t\t\t\t\t<div class=\"elementor-element elementor-element-fd772d8 elementor-widget elementor-widget-jet-image-accordion\" data-id=\"fd772d8\" data-element_type=\"widget\" data-widget_type=\"jet-image-accordion.default\">\n\t\t\t\t<div class=\"elementor-widget-container\">\n\t\t\t<div class=\"elementor-jet-image-accordion jet-tabs-addons\"><div class=\"jet-image-accordion jet-image-accordion-vertical-orientation jet-image-accordion-circ-ease\" data-settings=\"{&quot;orientation&quot;:&quot;vertical&quot;,&quot;activeSize&quot;:{&quot;unit&quot;:&quot;%&quot;,&quot;size&quot;:50,&quot;sizes&quot;:[]},&quot;duration&quot;:500,&quot;activeItem&quot;:-1}\">\n\t<div class=\"jet-image-accordion__list\">\n<div class=\"jet-image-accordion__item\">\n<img decoding=\"async\" class=\"jet-image-accordion__image-instance\" src=\"https:\/\/bfm24.pl\/wp-content\/uploads\/2022\/08\/1659305919869-rotated.jpg\" alt=\"1659305919869\">\t<div class=\"jet-image-accordion__content\"><h5 class=\"jet-image-accordion__title\">Emitel<\/h5><div class=\"jet-image-accordion__desc\">Wentylacja delta<\/div><a class=\"elementor-button elementor-size-md jet-image-accordion__button\" href=\"#\">More<\/a><\/div>\n\t<div class=\"jet-image-accordion__item-loader\"><span><\/span><\/div>\n<\/div>\n<div class=\"jet-image-accordion__item\">\n<img decoding=\"async\" class=\"jet-image-accordion__image-instance\" src=\"https:\/\/bfm24.pl\/wp-content\/uploads\/2022\/08\/1659306069592-rotated.jpg\" alt=\"1659306069592\">\t<div class=\"jet-image-accordion__content\"><h5 class=\"jet-image-accordion__title\">Monitoring<\/h5><div class=\"jet-image-accordion__desc\">Monta\u017c kamer na miejskim rynku<\/div><a class=\"elementor-button elementor-size-md jet-image-accordion__button\" href=\"#\">More<\/a><\/div>\n\t<div class=\"jet-image-accordion__item-loader\"><span><\/span><\/div>\n<\/div>\n<div class=\"jet-image-accordion__item\">\n<img decoding=\"async\" class=\"jet-image-accordion__image-instance\" src=\"https:\/\/bfm24.pl\/wp-content\/uploads\/2022\/08\/1659306424573-rotated.jpg\" alt=\"1659306424573\">\t<div class=\"jet-image-accordion__content\"><h5 class=\"jet-image-accordion__title\">\u015awiat\u0142owody<\/h5><div class=\"jet-image-accordion__desc\">Rozszycie prze\u0142\u0105cznicy<\/div><a class=\"elementor-button elementor-size-md jet-image-accordion__button\" href=\"#\"><\/a><\/div>\n\t<div class=\"jet-image-accordion__item-loader\"><span><\/span><\/div>\n<\/div>\n<div class=\"jet-image-accordion__item\">\n<img decoding=\"async\" class=\"jet-image-accordion__image-instance\" src=\"https:\/\/bfm24.pl\/wp-content\/uploads\/2022\/08\/1659306584368-rotated.jpg\" alt=\"1659306584368\">\t<div class=\"jet-image-accordion__content\"><a class=\"elementor-button elementor-size-md jet-image-accordion__button\" href=\"#\">More<\/a><\/div>\n\t<div class=\"jet-image-accordion__item-loader\"><span><\/span><\/div>\n<\/div>\n<div class=\"jet-image-accordion__item\">\n<img decoding=\"async\" class=\"jet-image-accordion__image-instance\" src=\"https:\/\/bfm24.pl\/wp-content\/uploads\/2022\/08\/1659306926659-rotated.jpg\" alt=\"1659306926659\">\t<div class=\"jet-image-accordion__content\"><h5 class=\"jet-image-accordion__title\">\u015awiat\u0142owody<\/h5><div class=\"jet-image-accordion__desc\">Przygotowanie prze\u0142\u0105cznicy panelowej<\/div><a class=\"elementor-button elementor-size-md jet-image-accordion__button\" href=\"#\">More<\/a><\/div>\n\t<div class=\"jet-image-accordion__item-loader\"><span><\/span><\/div>\n<\/div>\n<div class=\"jet-image-accordion__item\">\n<img decoding=\"async\" class=\"jet-image-accordion__image-instance\" src=\"https:\/\/bfm24.pl\/wp-content\/uploads\/2022\/08\/1660129670642-rotated.jpg\" alt=\"1660129670642\">\t<div class=\"jet-image-accordion__content\"><h5 class=\"jet-image-accordion__title\">Internet<\/h5><div class=\"jet-image-accordion__desc\">Zestawianie linku radiowego<\/div><a class=\"elementor-button elementor-size-md jet-image-accordion__button\" href=\"#\">More<\/a><\/div>\n\t<div class=\"jet-image-accordion__item-loader\"><span><\/span><\/div>\n<\/div>\n<\/div>\n<\/div>\n<\/div>\t\t<\/div>\n\t\t\t\t<\/div>\n\t\t\t\t\t<\/div>\n\t\t<\/div>\n\t\t\t\t\t\t\t<\/div>\n\t\t<\/section>\n\t\t\t\t<section class=\"elementor-section elementor-top-section elementor-element elementor-element-fa2b331 elementor-section-boxed elementor-section-height-default elementor-section-height-default\" data-id=\"fa2b331\" data-element_type=\"section\" data-settings=\"{&quot;jet_parallax_layout_list&quot;:[]}\">\n\t\t\t\t\t\t<div class=\"elementor-container elementor-column-gap-default\">\n\t\t\t\t\t<div class=\"elementor-column elementor-col-100 elementor-top-column elementor-element elementor-element-6789ca3\" data-id=\"6789ca3\" data-element_type=\"column\">\n\t\t\t<div class=\"elementor-widget-wrap elementor-element-populated\">\n\t\t\t\t\t\t\t\t<div class=\"elementor-element elementor-element-ad5ffac elementor-widget elementor-widget-spacer\" data-id=\"ad5ffac\" data-element_type=\"widget\" data-widget_type=\"spacer.default\">\n\t\t\t\t<div class=\"elementor-widget-container\">\n\t\t\t\t\t<div class=\"elementor-spacer\">\n\t\t\t<div class=\"elementor-spacer-inner\"><\/div>\n\t\t<\/div>\n\t\t\t\t<\/div>\n\t\t\t\t<\/div>\n\t\t\t\t\t<\/div>\n\t\t<\/div>\n\t\t\t\t\t\t\t<\/div>\n\t\t<\/section>\n\t\t\t\t<section class=\"elementor-section elementor-top-section elementor-element elementor-element-67b0b81 elementor-section-boxed elementor-section-height-default elementor-section-height-default\" data-id=\"67b0b81\" data-element_type=\"section\" data-settings=\"{&quot;jet_parallax_layout_list&quot;:[]}\">\n\t\t\t\t\t\t<div class=\"elementor-container elementor-column-gap-default\">\n\t\t\t\t\t<div class=\"elementor-column elementor-col-100 elementor-top-column elementor-element elementor-element-bf49cf3\" data-id=\"bf49cf3\" data-element_type=\"column\">\n\t\t\t<div class=\"elementor-widget-wrap elementor-element-populated\">\n\t\t\t\t\t\t\t\t<div class=\"elementor-element elementor-element-b574f0d elementor-widget elementor-widget-jet-image-accordion\" data-id=\"b574f0d\" data-element_type=\"widget\" data-widget_type=\"jet-image-accordion.default\">\n\t\t\t\t<div class=\"elementor-widget-container\">\n\t\t\t<div class=\"elementor-jet-image-accordion jet-tabs-addons\"><div class=\"jet-image-accordion jet-image-accordion-vertical-orientation jet-image-accordion-circ-ease\" data-settings=\"{&quot;orientation&quot;:&quot;vertical&quot;,&quot;activeSize&quot;:{&quot;unit&quot;:&quot;%&quot;,&quot;size&quot;:50,&quot;sizes&quot;:[]},&quot;duration&quot;:500,&quot;activeItem&quot;:-1}\">\n\t<div class=\"jet-image-accordion__list\">\n<div class=\"jet-image-accordion__item\">\n<img decoding=\"async\" class=\"jet-image-accordion__image-instance\" src=\"https:\/\/bfm24.pl\/wp-content\/uploads\/2022\/08\/1659304115776-rotated.jpg\" alt=\"1659304115776\">\t<div class=\"jet-image-accordion__content\"><h5 class=\"jet-image-accordion__title\">Sterownik Delta<\/h5><div class=\"jet-image-accordion__desc\">Pod\u0142\u0105czenie sterownika Delta dla systemu Free cooling<\/div><a class=\"elementor-button elementor-size-md jet-image-accordion__button\" href=\"#\">More<\/a><\/div>\n\t<div class=\"jet-image-accordion__item-loader\"><span><\/span><\/div>\n<\/div>\n<div class=\"jet-image-accordion__item\">\n<img decoding=\"async\" class=\"jet-image-accordion__image-instance\" src=\"https:\/\/bfm24.pl\/wp-content\/uploads\/2022\/08\/1659304553364-rotated.jpg\" alt=\"1659304553364\">\t<div class=\"jet-image-accordion__content\"><h5 class=\"jet-image-accordion__title\">Wideodomofony<\/h5><div class=\"jet-image-accordion__desc\">Rozszycie rozdzielaczy wideo<\/div><a class=\"elementor-button elementor-size-md jet-image-accordion__button\" href=\"#\">More<\/a><\/div>\n\t<div class=\"jet-image-accordion__item-loader\"><span><\/span><\/div>\n<\/div>\n<div class=\"jet-image-accordion__item\">\n<img decoding=\"async\" class=\"jet-image-accordion__image-instance\" src=\"https:\/\/bfm24.pl\/wp-content\/uploads\/2022\/08\/1659304636074-rotated.jpg\" alt=\"1659304636074\">\t<div class=\"jet-image-accordion__content\"><h5 class=\"jet-image-accordion__title\">Si\u0142ownia telekomunikacyjna<\/h5><a class=\"elementor-button elementor-size-md jet-image-accordion__button\" href=\"#\">More<\/a><\/div>\n\t<div class=\"jet-image-accordion__item-loader\"><span><\/span><\/div>\n<\/div>\n<div class=\"jet-image-accordion__item\">\n<img decoding=\"async\" class=\"jet-image-accordion__image-instance\" src=\"https:\/\/bfm24.pl\/wp-content\/uploads\/2022\/08\/1659304853351-rotated.jpg\" alt=\"1659304853351\">\t<div class=\"jet-image-accordion__content\"><h5 class=\"jet-image-accordion__title\">Monitoring<\/h5><a class=\"elementor-button elementor-size-md jet-image-accordion__button\" href=\"#\">More<\/a><\/div>\n\t<div class=\"jet-image-accordion__item-loader\"><span><\/span><\/div>\n<\/div>\n<div class=\"jet-image-accordion__item\">\n<img decoding=\"async\" class=\"jet-image-accordion__image-instance\" src=\"https:\/\/bfm24.pl\/wp-content\/uploads\/2022\/08\/1659304896186.jpg\" alt=\"1659304896186\">\t<div class=\"jet-image-accordion__content\"><h5 class=\"jet-image-accordion__title\">Internet radiowy<\/h5><div class=\"jet-image-accordion__desc\">Instalacja monitoringu w po\u0142\u0105czeniu z transmisja bezprzewodow\u0105<\/div><a class=\"elementor-button elementor-size-md jet-image-accordion__button\" href=\"#\">More<\/a><\/div>\n\t<div class=\"jet-image-accordion__item-loader\"><span><\/span><\/div>\n<\/div>\n<div class=\"jet-image-accordion__item\">\n<img decoding=\"async\" class=\"jet-image-accordion__image-instance\" src=\"https:\/\/bfm24.pl\/wp-content\/uploads\/2022\/08\/1659305428455.jpg\" alt=\"1659305428455\">\t<div class=\"jet-image-accordion__content\"><h5 class=\"jet-image-accordion__title\">Okablowanie strukturalna<\/h5><div class=\"jet-image-accordion__desc\">Budowa sieci komputerowej LAN dla Urz\u0119du<\/div><a class=\"elementor-button elementor-size-md jet-image-accordion__button\" href=\"#\">More<\/a><\/div>\n\t<div class=\"jet-image-accordion__item-loader\"><span><\/span><\/div>\n<\/div>\n<\/div>\n<\/div>\n<\/div>\t\t<\/div>\n\t\t\t\t<\/div>\n\t\t\t\t\t<\/div>\n\t\t<\/div>\n\t\t\t\t\t\t\t<\/div>\n\t\t<\/section>\n\t\t\t\t<section class=\"elementor-section elementor-top-section elementor-element elementor-element-bcd1778 elementor-section-boxed elementor-section-height-default elementor-section-height-default\" data-id=\"bcd1778\" data-element_type=\"section\" data-settings=\"{&quot;jet_parallax_layout_list&quot;:[]}\">\n\t\t\t\t\t\t<div class=\"elementor-container elementor-column-gap-default\">\n\t\t\t\t\t<div class=\"elementor-column elementor-col-100 elementor-top-column elementor-element elementor-element-8b05528\" data-id=\"8b05528\" data-element_type=\"column\">\n\t\t\t<div class=\"elementor-widget-wrap elementor-element-populated\">\n\t\t\t\t\t\t\t\t<div class=\"elementor-element elementor-element-a041107 elementor-widget elementor-widget-spacer\" data-id=\"a041107\" data-element_type=\"widget\" data-widget_type=\"spacer.default\">\n\t\t\t\t<div class=\"elementor-widget-container\">\n\t\t\t\t\t<div class=\"elementor-spacer\">\n\t\t\t<div class=\"elementor-spacer-inner\"><\/div>\n\t\t<\/div>\n\t\t\t\t<\/div>\n\t\t\t\t<\/div>\n\t\t\t\t\t<\/div>\n\t\t<\/div>\n\t\t\t\t\t\t\t<\/div>\n\t\t<\/section>\n\t\t\t\t\t\t<\/div>\n\t\t\t\t\t<\/div>\n\t\t","protected":false},"excerpt":{"rendered":"<p>Przyk\u0142adowe realizacje Emitel Wentylacja deltaMore Monitoring Monta\u017c kamer na miejskim rynkuMore \u015awiat\u0142owody Rozszycie prze\u0142\u0105cznicy More \u015awiat\u0142owody Przygotowanie prze\u0142\u0105cznicy panelowejMore Internet Zestawianie linku radiowegoMore Sterownik Delta Pod\u0142\u0105czenie sterownika Delta dla systemu Free coolingMore Wideodomofony Rozszycie rozdzielaczy wideoMore Si\u0142ownia telekomunikacyjna More Monitoring More Internet radiowy Instalacja monitoringu w po\u0142\u0105czeniu z transmisja bezprzewodow\u0105More Okablowanie strukturalna Budowa sieci komputerowej [&hellip;]<\/p>\n","protected":false},"author":1,"featured_media":0,"parent":0,"menu_order":0,"comment_status":"closed","ping_status":"closed","template":"elementor_header_footer","meta":{"footnotes":""},"class_list":["post-4045","page","type-page","status-publish","hentry"],"_links":{"self":[{"href":"https:\/\/bfm24.pl\/index.php?rest_route=\/wp\/v2\/pages\/4045","targetHints":{"allow":["GET"]}}],"collection":[{"href":"https:\/\/bfm24.pl\/index.php?rest_route=\/wp\/v2\/pages"}],"about":[{"href":"https:\/\/bfm24.pl\/index.php?rest_route=\/wp\/v2\/types\/page"}],"author":[{"embeddable":true,"href":"https:\/\/bfm24.pl\/index.php?rest_route=\/wp\/v2\/users\/1"}],"replies":[{"embeddable":true,"href":"https:\/\/bfm24.pl\/index.php?rest_route=%2Fwp%2Fv2%2Fcomments&post=4045"}],"version-history":[{"count":79,"href":"https:\/\/bfm24.pl\/index.php?rest_route=\/wp\/v2\/pages\/4045\/revisions"}],"predecessor-version":[{"id":4144,"href":"https:\/\/bfm24.pl\/index.php?rest_route=\/wp\/v2\/pages\/4045\/revisions\/4144"}],"wp:attachment":[{"href":"https:\/\/bfm24.pl\/index.php?rest_route=%2Fwp%2Fv2%2Fmedia&parent=4045"}],"curies":[{"name":"wp","href":"https:\/\/api.w.org\/{rel}","templated":true}]}}